{"id":2,"date":"2017-10-09T18:41:11","date_gmt":"2017-10-09T16:41:11","guid":{"rendered":"http:\/\/www.scarfia.be\/?page_id=2"},"modified":"2017-11-03T19:18:56","modified_gmt":"2017-11-03T18:18:56","slug":"construction-generale","status":"publish","type":"page","link":"https:\/\/www.scarfia.be\/index.php\/construction-generale\/","title":{"rendered":"CONSTRUCTION G\u00c9N\u00c9RALE"},"content":{"rendered":"<div class=\"limit-wrapper\"><div class=\"row \"><div class=\"wpv-grid grid-1-1  wpv-first-level first unextended no-extended-padding\" style=\"padding-top:0.05px;padding-bottom:0.05px;\" id=\"wpv-column-f3b42036edf1234e5c934257456d39f9\" ><p style=\"text-align: center;\"><span class='icon shortcode theme  use-hover' style='color:green;font-size:56px !important;'>&#58913;<\/span><\/div><\/div><\/div>\n<div class=\"push \" style=\"height:30px\"><\/div>\n<div class=\"limit-wrapper\"><div class=\"row \"><div class=\"wpv-grid grid-1-1  wpv-first-level first unextended no-extended-padding\" style=\"padding-top:0.05px;padding-bottom:0.05px;\" id=\"wpv-column-1be11295c28d313fd459e90b57a010ee\" ><div class=\"\">\n<div>\n<div class=\"\">\n<div class=\"\">\n<div class=\"\">\n<div class=\"\">\n<div class=\"\">\n<div class=\"\">\n<div class=\"wpb_column vc_column_container vc_col-sm-6\">\n<div class=\" vc_column-inner\">\n<div class=\"wpb_wrapper\">\n<div class=\" wpb_text_column wpb_content_element\">\n<div class=\"wpb_wrapper\">\n<p class=\"\"><span style=\"font-family: Verdana;\">Ensemble, le gestionnaire de projets, l\u2019architecte et le client \u00e9tablissent les fondements d\u2019une future maison. Si le client ne connait pas d\u2019architecte, nous nous ferons un plaisir de la mettre en relation avec un architecte. Ensuite, des fondations aux finitions, Salvatore s\u2019occupera de l\u2019\u00e9volution de votre projet de construction en collaboration avec l\u2019architecte.\u00a0<\/span><\/p>\n<\/div>\n<\/div>\n<\/div>\n<\/div>\n<\/div>\n<\/div>\n<\/div>\n<\/div>\n<\/div>\n<\/div>\n<\/div>\n<div class=\"\">\n<div class=\"\">\n<div class=\"\">\n<div class=\"wpb_column vc_column_container vc_col-sm-6\">\n<div class=\" vc_column-inner\">\n<div class=\"wpb_wrapper\">\n<div class=\" wpb_text_column wpb_content_element\">\n<div class=\"wpb_wrapper\"><span style=\"font-family: Verdana;\">Les Entreprises Scarfia s\u2019occupent de tout pour vous; de la plomberie au plafonnage, de l\u2019\u00e9lectricit\u00e9 \u00e0 la toiture ou de la plomberie \u00e0 la fa\u00e7ade.\u00a0<b class=\"\">Nous nous occupons de faire de votre projet l&rsquo;objectif de notre collaboration<\/b>.<\/span><\/div>\n<\/div>\n<\/div>\n<\/div>\n<\/div>\n<\/div>\n<\/div>\n<\/div>\n<\/div>\n<\/div><\/div><\/div><\/div>\n<div class=\"push \" style=\"height:30px\"><\/div>\n<div class=\"push \" style=\"height:30px\"><\/div>\n<div class=\"limit-wrapper\"><div class=\"row \"><div class=\"wpv-grid grid-1-1  wpv-first-level first unextended has-extended-padding\" style=\"padding-top:0.05px;padding-bottom:0.05px;\" id=\"wpv-column-484040209c27f89ccb0fdc04982c51bf\" ><div class=\"row \"><div class=\"wpv-grid grid-1-5  first unextended has-extended-padding\" style=\"padding-top:0.05px;padding-bottom:0.05px;\" id=\"wpv-column-9d5fdef048a0fef51a95826eaf05632c\" ><\/div>\n<div class=\"wpv-grid grid-3-5  unextended has-extended-padding\" style=\"padding-top:0.05px;padding-bottom:0.05px;\" id=\"wpv-column-52bef0c1ef6569de3f07c40342030073\" ><div class=\"row \"><div class=\"wpv-grid grid-1-1  first unextended no-extended-padding\" style=\"padding-top:0.05px;padding-bottom:0.05px;\" id=\"wpv-column-852c7ba980aa78a378dfeb7544357efb\" >\n<div  data-href=\"http:\/\/www.scarfia.be\/index.php\/contact-us\" tabindex=\"1\" data-target=\"_self\" class=\"linkarea clearfix accent7  background-transparent\">\n\t\t\t\t<div class=\"last\"><table>\n<tbody>\n<tr>\n<td><div class=\"push \" style=\"height:10px\"><\/div> <span class='icon shortcode theme  use-hover' style='color:#364352;font-size:42px !important;'>&#57439;<\/span><\/td>\n<td>Vous voulez une offre de prix ?<\/p>\n<h3>DEMANDER UN DEVIS<\/h3>\n<\/td>\n<td>\n<p class=\"p1\"><span class=\"s1\"><div class=\"push \" style=\"height:20px\"><\/div> <p class=\"textcenter\"><a href=\"#\" target=\"_self\" style='font-size: 14px;' class=\"vamtam-button accent1  button-border hover-accent1 \"><span class=\"btext\" data-text=\"CONTACTEZ NOUS\">CONTACTEZ NOUS<\/span><\/a><\/p><\/span><\/p>\n<\/td>\n<\/tr>\n<\/tbody>\n<\/table><\/div>\n\t<\/div><\/div><\/div><\/div>\n<div class=\"wpv-grid grid-1-5  unextended has-extended-padding\" style=\"padding-top:0.05px;padding-bottom:0.05px;\" id=\"wpv-column-da34f8cb7ea4cb57a9f430f9c75da19f\" ><\/div><\/div><\/div><\/div><\/div>\n<div class=\"push \" style=\"height:30px\"><\/div>\n","protected":false},"excerpt":{"rendered":"<p>Ensemble, le gestionnaire de projets, l\u2019architecte et le client \u00e9tablissent les fondements d\u2019une future maison. Si le client ne connait pas d\u2019architecte, nous nous ferons un plaisir de la mettre en relation avec un architecte. Ensuite, des fondations aux finitions, Salvatore s\u2019occupera de l\u2019\u00e9volution de votre projet de construction en collaboration avec l\u2019architecte.\u00a0 Les Entreprises&#8230;<\/p>\n","protected":false},"author":1,"featured_media":0,"parent":0,"menu_order":0,"comment_status":"closed","ping_status":"closed","template":"","meta":{"footnotes":""},"class_list":["post-2","page","type-page","status-publish","hentry"],"_links":{"self":[{"href":"https:\/\/www.scarfia.be\/index.php\/wp-json\/wp\/v2\/pages\/2","targetHints":{"allow":["GET"]}}],"collection":[{"href":"https:\/\/www.scarfia.be\/index.php\/wp-json\/wp\/v2\/pages"}],"about":[{"href":"https:\/\/www.scarfia.be\/index.php\/wp-json\/wp\/v2\/types\/page"}],"author":[{"embeddable":true,"href":"https:\/\/www.scarfia.be\/index.php\/wp-json\/wp\/v2\/users\/1"}],"replies":[{"embeddable":true,"href":"https:\/\/www.scarfia.be\/index.php\/wp-json\/wp\/v2\/comments?post=2"}],"version-history":[{"count":0,"href":"https:\/\/www.scarfia.be\/index.php\/wp-json\/wp\/v2\/pages\/2\/revisions"}],"wp:attachment":[{"href":"https:\/\/www.scarfia.be\/index.php\/wp-json\/wp\/v2\/media?parent=2"}],"curies":[{"name":"wp","href":"https:\/\/api.w.org\/{rel}","templated":true}]}}