{"id":11307,"date":"2014-04-23T10:38:38","date_gmt":"2014-04-23T10:38:38","guid":{"rendered":"http:\/\/www.scarfia.be\/index.php\/about\/"},"modified":"2020-11-30T14:24:58","modified_gmt":"2020-11-30T13:24:58","slug":"about","status":"publish","type":"page","link":"https:\/\/www.scarfia.be\/index.php\/about\/?lang=nl","title":{"rendered":"HET BEDRIJF"},"content":{"rendered":"<div class=\"limit-wrapper\"><div class=\"row \"><div class=\"wpv-grid grid-1-1  wpv-first-level first unextended no-extended-padding\" style=\"padding-top:0.05px;padding-bottom:0.05px;\" id=\"wpv-column-a5754761025866735273a547200a4f29\" ><p>&nbsp;<\/div><\/div><\/div>\n<div class=\"push \" style=\"height:30px\"><\/div>\n<div class=\"limit-wrapper\"><div class=\"row \"><div class=\"wpv-grid grid-1-1  wpv-first-level first unextended no-extended-padding\" style=\"padding-top:0.05px;padding-bottom:0.05px;\" id=\"wpv-column-9fac7e24ca578b9228589582a9c6825f\" ><p>&nbsp;<\/div><\/div><\/div>\n<div class=\"limit-wrapper\"><div class=\"row \"><div class=\"wpv-grid grid-1-1  wpv-first-level first unextended no-extended-padding\" style=\"padding-top:0.05px;padding-bottom:0.05px;\" id=\"wpv-column-c9ac51cb115eaee8049eb761b88515fd\" ><h2 style=\"text-align: center;\"><strong>ENTREPRISES GENERALES SCARFIA<\/strong><\/h2><\/div><\/div><\/div>\n<div class=\"push \" style=\"height:30px\"><\/div>\n<div class=\"limit-wrapper\"><div class=\"row \"><div class=\"wpv-grid grid-1-1  wpv-first-level first unextended no-extended-padding\" style=\"padding-top:0.05px;padding-bottom:0.05px;\" id=\"wpv-column-bb840c9b53a71d7d9361964ad6d41e5a\" ><p><img decoding=\"async\" class=\"size-medium wp-image-10966 aligncenter\" src=\"https:\/\/www.scarfia.be\/wp-content\/uploads\/2017\/10\/Logo-2-copie-3-300x138.png\" alt=\"\" width=\"300\" height=\"138\" srcset=\"https:\/\/www.scarfia.be\/wp-content\/uploads\/2017\/10\/Logo-2-copie-3-300x138.png 300w, https:\/\/www.scarfia.be\/wp-content\/uploads\/2017\/10\/Logo-2-copie-3-360x166.png 360w, https:\/\/www.scarfia.be\/wp-content\/uploads\/2017\/10\/Logo-2-copie-3-262x120.png 262w, https:\/\/www.scarfia.be\/wp-content\/uploads\/2017\/10\/Logo-2-copie-3.png 361w\" sizes=\"(max-width: 300px) 100vw, 300px\" \/><\/div><\/div><\/div>\n<div class=\"push \" style=\"height:30px\"><\/div>\n<div class=\"limit-wrapper\"><div class=\"row \"><div class=\"wpv-grid grid-1-1  wpv-first-level first unextended no-extended-padding\" style=\"padding-top:0.05px;padding-bottom:0.05px;\" id=\"wpv-column-21b2f22974bedba676391043eb5c0af4\" ><div class=\"\">\n<p>In 1976 begon Salvatoreop 14jarige leeftijd zijn carri\u00e8re , op de werven van zijn oom, in Brussel.<br \/>\nNa vele jaren opleiding op deze werven, evolueerde hij in de bouw en de renovatie.<\/p>\n<\/div>\n<div><\/div>\n<div class=\"\">Met meer dan 30 jaar ervaring achter de rug, richt hij in 1998 zijn eigen renovatiebedrijf op.<\/div>\n<div class=\"\">\n<p>Oorspronkelijk specialiseert het renovatiebedrijf zich in het plaatsen van tegels en het afdichten van zwembaden in moza\u00efek.<\/p>\n<\/div>\n<div><\/div>\n<div class=\"\">\n<p>Vandaag, dankzij zijn ervaring en opleidingen, is Salvatore in staat u de diensten aan te bieden van \u00ab\u00a0les services d\u2019Entreprises  G\u00e9n\u00e9rales  Scarfia\u00a0\u00bb, welke u terugvindt op de pagina \u00ab onze diensten \u00bb.<\/p>\n<\/div>\n<div><\/div>\n<div class=\"\">\n<p>Met  meer dan 40 jaar ervaring in renovatie en bouw, heeft Salvatore een wezenlijke professioneel bagage opgebouwd. Bovendien verzekert hij persoonlijk de opvolging van de werven.<\/p>\n<\/div>\n<p>Entreprises G\u00e9n\u00e9rales Scarfia is een familiebedrijf op mensenmaat; geen tientallen medewerkers, geen telefonistes waar u voorbij moet of een separate afdeling boekhouding.<\/p>\n<p>Alle aspecten in verbinding met de offerte, technische vragen, of vragen betreffende de  10 jaar garantie worden persoonlijk door Salvatore beheerd.<\/p>\n<p>Het financi\u00eble aspect , vragen betreffende facturen of aankoop van materialen, evenals de agenda van Salvatore worden beheerd door Elodie, dochter en secretaresse van Salvatore.<\/div><\/div><\/div>\n<div class=\"push \" style=\"height:50px\"><\/div>\n<div class=\"row \"><div class=\"wpv-grid grid-1-1  wpv-first-level first has-background extended has-extended-padding\" style=\"background-color:#f4f4f4;padding-top:40px;padding-bottom:40px;\" id=\"wpv-column-f4bd47526f3a85137f62802e88009e4e\" ><div class=\"limit-wrapper\"><div class=\"extended-column-inner\"><style>#wpv-column-f4bd47526f3a85137f62802e88009e4e p,#wpv-column-f4bd47526f3a85137f62802e88009e4e em,#wpv-column-f4bd47526f3a85137f62802e88009e4e h1,#wpv-column-f4bd47526f3a85137f62802e88009e4e h2,#wpv-column-f4bd47526f3a85137f62802e88009e4e h3,#wpv-column-f4bd47526f3a85137f62802e88009e4e h4,#wpv-column-f4bd47526f3a85137f62802e88009e4e h5,#wpv-column-f4bd47526f3a85137f62802e88009e4e h6,#wpv-column-f4bd47526f3a85137f62802e88009e4e .column-title,#wpv-column-f4bd47526f3a85137f62802e88009e4e .sep-text h2.regular-title-wrapper,#wpv-column-f4bd47526f3a85137f62802e88009e4e .text-divider-double,#wpv-column-f4bd47526f3a85137f62802e88009e4e .sep-text .sep-text-line,#wpv-column-f4bd47526f3a85137f62802e88009e4e .sep,#wpv-column-f4bd47526f3a85137f62802e88009e4e .sep-2,#wpv-column-f4bd47526f3a85137f62802e88009e4e .sep-3,#wpv-column-f4bd47526f3a85137f62802e88009e4e td,#wpv-column-f4bd47526f3a85137f62802e88009e4e th,#wpv-column-f4bd47526f3a85137f62802e88009e4e caption{color:#757575;}#wpv-column-f4bd47526f3a85137f62802e88009e4e:before{background-color:transparent;}<\/style><div class=\"row \"><div class=\"wpv-grid grid-1-1  first unextended no-extended-padding\" style=\"padding-top:0.05px;padding-bottom:0.05px;\" id=\"wpv-column-ab5326456e19acbae8b03f68b5bf4875\" ><p style=\"text-align: center;\"><span class='icon shortcode   use-hover' style='color:green;font-size:40px !important;'>&#57619;<\/span>\n<h2 style=\"text-align: center;\">ONS TEAM<\/h2><\/div><\/div>\n<div class=\"push  wpv-hide-lowres\" style=\"height:20px\"><\/div>\n<div class=\"row \"><div class=\"wpv-grid grid-1-6  first unextended animation-from-bottom animated-active has-extended-padding\" style=\"padding-top:40px;padding-bottom:40px;\" id=\"wpv-column-c0c589bc41e8ef8fd66e572696ae335a\" ><\/div>\n<div class=\"wpv-grid grid-1-5  unextended no-extended-padding\" style=\"padding-top:0.05px;padding-bottom:0.05px;\" id=\"wpv-column-c9cc67e5738e5da10edb9e8cecbf21b1\" ><div class=\"team-member \">\n\t\t<div class=\"thumbnail\">\n\t\t\t\t\t<img decoding=\"async\" src=\"http:\/\/www.scarfia.be\/wp-content\/uploads\/2014\/04\/P1140350-copie.jpg\" alt=\"\" \/>\t\t\t<\/div>\n\t\t<div class=\"team-member-info\">\n\t\t<h3>\n\t\t\t\t\t\t\tSalvatore, 55 JAAR.\t\t\t\t\t<\/h3>\n\t\t\t\t\t<h5 class=\"regular-title-wrapper team-member-position\"> MEER DAN 30 JAAR ERVARING IN DE BOUWSECTOR. PUNCTUEEL. ERVAREN. BEREIKBAAR. FLEXIBEL. GERESERVEERD VAN AARD. <\/h5>\n\t\t\t\t\t\t\t<div class=\"team-member-phone\"><a href=\"tel:+32 (0)475 \/43 .71.82\" title=\"Call Salvatore, 55 JAAR.\">+32 (0)475 \/43 .71.82<\/a><\/div>\n\t\t\t\t\n\n\t<\/div>\n\t<\/div>\n<\/div>\n<div class=\"wpv-grid grid-1-5  unextended no-extended-padding\" style=\"padding-top:0.05px;padding-bottom:0.05px;\" id=\"wpv-column-171b6e99d9ba2cda05726990c9e8ae49\" ><div class=\"team-member \">\n\t\t<div class=\"thumbnail\">\n\t\t\t\t\t<img decoding=\"async\" src=\"http:\/\/www.scarfia.be\/wp-content\/uploads\/2014\/04\/P1140352-copie.jpg\" alt=\"\" \/>\t\t\t<\/div>\n\t\t<div class=\"team-member-info\">\n\t\t<h3>\n\t\t\t\t\t\t\tElodie, 28 JAAR.\t\t\t\t\t<\/h3>\n\t\t\t\t\t<h5 class=\"regular-title-wrapper team-member-position\"> SINDS 2012 BIJ ENTREPRISES G\u00c9N\u00c9RALES SCARFIA. CONTACTVAARDIG. DYNAMISCH. SNEL. GE\u00cbNGAGEERD. DE GLIMLACH VAN ONS BEDRIJF. <\/h5>\n\t\t\t\t\t\t\t<div class=\"team-member-phone\"><a href=\"tel:+32 (0)475 \/84 .99.97\" title=\"Call Elodie, 28 JAAR.\">+32 (0)475 \/84 .99.97<\/a><\/div>\n\t\t\t\t\n\n\t<\/div>\n\t<\/div>\n<\/div>\n<div class=\"wpv-grid grid-1-5  unextended no-extended-padding\" style=\"padding-top:0.05px;padding-bottom:0.05px;\" id=\"wpv-column-0767b0f602fba815e639f4233ffd1553\" ><div class=\"team-member \">\n\t\t<div class=\"thumbnail\">\n\t\t\t\t\t<img decoding=\"async\" src=\"http:\/\/www.scarfia.be\/wp-content\/uploads\/2014\/04\/24009_373744214914_138278_n.jpg\" alt=\"\" \/>\t\t\t<\/div>\n\t\t<div class=\"team-member-info\">\n\t\t<h3>\n\t\t\t\t\t\t\tNatacha, 27 JAAR.\t\t\t\t\t<\/h3>\n\t\t\t\t\t<h5 class=\"regular-title-wrapper team-member-position\"> MEER DAN 5 JAAR ERVARING OP GEBIED VAN BINNENHUISARCHITECTUUR, ZOWEL OP PRIVE- ALS  OPENBAAR\t GEBIED. PERFECTIONIST. MOEDIG. CREATIEF. DYNAMISCH. <\/h5>\n\t\t\t\t\t\t\t<div class=\"team-member-phone\"><a href=\"tel:+32 (0)472 \/68 .64.28\" title=\"Call Natacha, 27 JAAR.\">+32 (0)472 \/68 .64.28<\/a><\/div>\n\t\t\t\t\n\n\t<\/div>\n\t<\/div>\n<\/div>\n<div class=\"wpv-grid grid-1-6  unextended animation-from-bottom animated-active has-extended-padding\" style=\"padding-top:40px;padding-bottom:40px;\" id=\"wpv-column-968e9714446895a23174fea5f3465569\" ><\/div><\/div>\n<div class=\"push  wpv-hide-lowres\" style=\"height:30px\"><\/div><\/div><\/div><\/div><\/div>\n<div class=\"row \"><div class=\"wpv-grid grid-1-1  wpv-first-level first has-background extended animation-from-bottom animated-active has-extended-padding\" style=\"background-color:#F4F4F4;padding-top:40px;padding-bottom:40px;\" id=\"wpv-column-02bc663e570929c3674ad600d7cf5980\" ><div class=\"limit-wrapper\"><div class=\"extended-column-inner\"><style>#wpv-column-02bc663e570929c3674ad600d7cf5980 p,#wpv-column-02bc663e570929c3674ad600d7cf5980 em,#wpv-column-02bc663e570929c3674ad600d7cf5980 h1,#wpv-column-02bc663e570929c3674ad600d7cf5980 h2,#wpv-column-02bc663e570929c3674ad600d7cf5980 h3,#wpv-column-02bc663e570929c3674ad600d7cf5980 h4,#wpv-column-02bc663e570929c3674ad600d7cf5980 h5,#wpv-column-02bc663e570929c3674ad600d7cf5980 h6,#wpv-column-02bc663e570929c3674ad600d7cf5980 .column-title,#wpv-column-02bc663e570929c3674ad600d7cf5980 .sep-text h2.regular-title-wrapper,#wpv-column-02bc663e570929c3674ad600d7cf5980 .text-divider-double,#wpv-column-02bc663e570929c3674ad600d7cf5980 .sep-text .sep-text-line,#wpv-column-02bc663e570929c3674ad600d7cf5980 .sep,#wpv-column-02bc663e570929c3674ad600d7cf5980 .sep-2,#wpv-column-02bc663e570929c3674ad600d7cf5980 .sep-3,#wpv-column-02bc663e570929c3674ad600d7cf5980 td,#wpv-column-02bc663e570929c3674ad600d7cf5980 th,#wpv-column-02bc663e570929c3674ad600d7cf5980 caption{color:#757575;}#wpv-column-02bc663e570929c3674ad600d7cf5980:before{background-color:transparent;}<\/style><div class=\"row \"><div class=\"wpv-grid grid-1-1  first unextended no-extended-padding\" style=\"padding-top:0.05px;padding-bottom:0.05px;\" id=\"wpv-column-272d796184e526fc18940689aad97713\" ><h3 style=\"text-align: center;\">Uw project staat centraal in onze samenwerking !  <a href=\"http:\/\/www.scarfia.be\/index.php\/contact\/?lang=nl\" target=\"_self\" style='font-size: 14px;' class=\"vamtam-button accent1  button-style-3 hover-accent2 \"><span class='icon shortcode theme  use-hover' style='color:#ffffff;font-size:22px !important;'>&#57524;<\/span><span class=\"btext\" data-text=\"ONS CONTACTEREN\">ONS CONTACTEREN<\/span><\/a><\/h3><\/div><\/div><\/div><\/div><\/div><\/div>\n","protected":false},"excerpt":{"rendered":"<p>&nbsp; &nbsp; ENTREPRISES GENERALES SCARFIA In 1976 begon Salvatoreop 14jarige leeftijd zijn carri\u00e8re , op de werven van zijn oom, in Brussel. Na vele jaren opleiding op deze werven, evolueerde hij in de bouw en de renovatie. Met meer dan 30 jaar ervaring achter de rug, richt hij in 1998 zijn eigen renovatiebedrijf op. Oorspronkelijk&#8230;<\/p>\n","protected":false},"author":1,"featured_media":0,"parent":0,"menu_order":0,"comment_status":"closed","ping_status":"closed","template":"","meta":{"footnotes":""},"class_list":["post-11307","page","type-page","status-publish","hentry"],"_links":{"self":[{"href":"https:\/\/www.scarfia.be\/index.php\/wp-json\/wp\/v2\/pages\/11307","targetHints":{"allow":["GET"]}}],"collection":[{"href":"https:\/\/www.scarfia.be\/index.php\/wp-json\/wp\/v2\/pages"}],"about":[{"href":"https:\/\/www.scarfia.be\/index.php\/wp-json\/wp\/v2\/types\/page"}],"author":[{"embeddable":true,"href":"https:\/\/www.scarfia.be\/index.php\/wp-json\/wp\/v2\/users\/1"}],"replies":[{"embeddable":true,"href":"https:\/\/www.scarfia.be\/index.php\/wp-json\/wp\/v2\/comments?post=11307"}],"version-history":[{"count":2,"href":"https:\/\/www.scarfia.be\/index.php\/wp-json\/wp\/v2\/pages\/11307\/revisions"}],"predecessor-version":[{"id":11766,"href":"https:\/\/www.scarfia.be\/index.php\/wp-json\/wp\/v2\/pages\/11307\/revisions\/11766"}],"wp:attachment":[{"href":"https:\/\/www.scarfia.be\/index.php\/wp-json\/wp\/v2\/media?parent=11307"}],"curies":[{"name":"wp","href":"https:\/\/api.w.org\/{rel}","templated":true}]}}