{"id":10425,"date":"2017-11-02T12:31:11","date_gmt":"2017-11-02T11:31:11","guid":{"rendered":"http:\/\/www.scarfia.be\/?page_id=10425"},"modified":"2017-11-03T19:19:07","modified_gmt":"2017-11-03T18:19:07","slug":"terrasses","status":"publish","type":"page","link":"https:\/\/www.scarfia.be\/index.php\/terrasses\/","title":{"rendered":"TERRASSES"},"content":{"rendered":"<div class=\"limit-wrapper\"><div class=\"row \"><div class=\"wpv-grid grid-1-1  wpv-first-level first unextended no-extended-padding\" style=\"padding-top:0.05px;padding-bottom:0.05px;\" id=\"wpv-column-b672569bb49a80723c89d44095995cd9\" ><p style=\"text-align: center;\"><strong><span style=\"font-family: Verdana;\"> <span class='icon shortcode theme  use-hover' style='color:green;font-size:56px !important;'>&#58913;<\/span> <\/span><\/strong><\/div><\/div><\/div>\n<div class=\"push \" style=\"height:30px\"><\/div>\n<div class=\"limit-wrapper\"><div class=\"row \"><div class=\"wpv-grid grid-1-1  wpv-first-level first unextended no-extended-padding\" style=\"padding-top:0.05px;padding-bottom:0.05px;\" id=\"wpv-column-8ff1b334f0194dfadf807fecd28a65ed\" ><p><span style=\"font-family: Verdana;\">Le d\u00e9montage et l\u2019\u00e9vacuation de la terrasse existante, la r\u00e9paration de votre terrasse, la pose d\u2019une chape de pente et l\u2019\u00e9tanch\u00e9isation de votre terrasse font \u00e9galement partie des travaux de r\u00e9novation que nous r\u00e9alisons.\u00a0<\/span><\/p>\n<p><span style=\"font-family: Verdana;\">Nous nous occupons ensuite de poser les finitions que vous aurez choisies.\u00a0<\/span><\/p>\n<p><span style=\"font-family: Verdana;\">Vous avez besoin de garde-corps pour votre balcon ou de structures m\u00e9talliques pour votre terrasse ?\u00a0<\/span><\/p>\n<p><strong><span style=\"font-family: Verdana;\">Salvatore pourra s\u2019occuper de vous conseiller et de r\u00e9pondre au mieux \u00e0 vos questions pour que votre projet soit \u00e9galement le n\u00f4tre.\u00a0<\/span><\/strong><\/div><\/div><\/div>\n<div class=\"push \" style=\"height:30px\"><\/div>\n<div class=\"push \" style=\"height:30px\"><\/div>\n<div class=\"limit-wrapper\"><div class=\"row \"><div class=\"wpv-grid grid-1-1  wpv-first-level first unextended has-extended-padding\" style=\"padding-top:0.05px;padding-bottom:0.05px;\" id=\"wpv-column-dd297d2777ed692249d5ed1c2568444e\" ><div class=\"row \"><div class=\"wpv-grid grid-1-5  first unextended has-extended-padding\" style=\"padding-top:0.05px;padding-bottom:0.05px;\" id=\"wpv-column-d24aea958ef04ff43c67931dc7f23614\" ><\/div>\n<div class=\"wpv-grid grid-3-5  unextended has-extended-padding\" style=\"padding-top:0.05px;padding-bottom:0.05px;\" id=\"wpv-column-19f46a38c1e011126eca87a972042b0b\" ><div class=\"row \"><div class=\"wpv-grid grid-1-1  first unextended no-extended-padding\" style=\"padding-top:0.05px;padding-bottom:0.05px;\" id=\"wpv-column-dc66bb6403f50375b30dd087e85a6ad1\" >\n<div  data-href=\"http:\/\/www.scarfia.be\/index.php\/contact-us\" tabindex=\"1\" data-target=\"_self\" class=\"linkarea clearfix accent7  background-transparent\">\n\t\t\t\t<div class=\"last\"><table>\n<tbody>\n<tr>\n<td style=\"text-align: center;\"><div class=\"push \" style=\"height:10px\"><\/div> <span class='icon shortcode theme  use-hover' style='color:#364352;font-size:42px !important;'>&#57439;<\/span><\/td>\n<td style=\"text-align: center;\">Vous voulez une offre de prix ?<\/p>\n<h3>DEMANDER UN DEVIS<\/h3>\n<\/td>\n<td>\n<p class=\"p1\" style=\"text-align: center;\"><span class=\"s1\"><div class=\"push \" style=\"height:20px\"><\/div> <p class=\"textcenter\"><a href=\"#\" target=\"_self\" style='font-size: 14px;' class=\"vamtam-button accent1  button-border hover-accent1 \"><span class=\"btext\" data-text=\"CONTACTEZ NOUS\">CONTACTEZ NOUS<\/span><\/a><\/p><\/span><\/p>\n<\/td>\n<\/tr>\n<\/tbody>\n<\/table><\/div>\n\t<\/div><\/div><\/div><\/div>\n<div class=\"wpv-grid grid-1-5  unextended has-extended-padding\" style=\"padding-top:0.05px;padding-bottom:0.05px;\" id=\"wpv-column-cdf27a3e9570a226fc40a9aec8fc6ade\" ><\/div><\/div><\/div><\/div><\/div>\n","protected":false},"excerpt":{"rendered":"<p>Le d\u00e9montage et l\u2019\u00e9vacuation de la terrasse existante, la r\u00e9paration de votre terrasse, la pose d\u2019une chape de pente et l\u2019\u00e9tanch\u00e9isation de votre terrasse font \u00e9galement partie des travaux de r\u00e9novation que nous r\u00e9alisons.\u00a0 Nous nous occupons ensuite de poser les finitions que vous aurez choisies.\u00a0 Vous avez besoin de garde-corps pour votre balcon ou&#8230;<\/p>\n","protected":false},"author":1,"featured_media":0,"parent":0,"menu_order":0,"comment_status":"closed","ping_status":"closed","template":"","meta":{"footnotes":""},"class_list":["post-10425","page","type-page","status-publish","hentry"],"_links":{"self":[{"href":"https:\/\/www.scarfia.be\/index.php\/wp-json\/wp\/v2\/pages\/10425","targetHints":{"allow":["GET"]}}],"collection":[{"href":"https:\/\/www.scarfia.be\/index.php\/wp-json\/wp\/v2\/pages"}],"about":[{"href":"https:\/\/www.scarfia.be\/index.php\/wp-json\/wp\/v2\/types\/page"}],"author":[{"embeddable":true,"href":"https:\/\/www.scarfia.be\/index.php\/wp-json\/wp\/v2\/users\/1"}],"replies":[{"embeddable":true,"href":"https:\/\/www.scarfia.be\/index.php\/wp-json\/wp\/v2\/comments?post=10425"}],"version-history":[{"count":0,"href":"https:\/\/www.scarfia.be\/index.php\/wp-json\/wp\/v2\/pages\/10425\/revisions"}],"wp:attachment":[{"href":"https:\/\/www.scarfia.be\/index.php\/wp-json\/wp\/v2\/media?parent=10425"}],"curies":[{"name":"wp","href":"https:\/\/api.w.org\/{rel}","templated":true}]}}