{"id":10424,"date":"2017-11-02T12:31:04","date_gmt":"2017-11-02T11:31:04","guid":{"rendered":"http:\/\/www.scarfia.be\/?page_id=10424"},"modified":"2017-11-03T19:20:43","modified_gmt":"2017-11-03T18:20:43","slug":"sur-mesure","status":"publish","type":"page","link":"https:\/\/www.scarfia.be\/index.php\/sur-mesure\/","title":{"rendered":"SUR MESURE"},"content":{"rendered":"<div class=\"limit-wrapper\"><div class=\"row \"><div class=\"wpv-grid grid-1-1  wpv-first-level first unextended no-extended-padding\" style=\"padding-top:0.05px;padding-bottom:0.05px;\" id=\"wpv-column-f5ba08aedafa6bebe0e6f3664da00420\" ><p style=\"text-align: center;\"><strong><span style=\"font-family: Verdana;\"> <span class='icon shortcode theme  use-hover' style='color:green;font-size:56px !important;'>&#58911;<\/span> <\/span><\/strong><\/div><\/div><\/div>\n<div class=\"push \" style=\"height:30px\"><\/div>\n<div class=\"limit-wrapper\"><div class=\"row \"><div class=\"wpv-grid grid-1-1  wpv-first-level first unextended no-extended-padding\" style=\"padding-top:0.05px;padding-bottom:0.05px;\" id=\"wpv-column-5add628c2d95c6208a0d0351b23eb46f\" ><div><span style=\"font-family: Verdana;\">Une nouvelle cuisine ? Notre cuisiniste vous proposera la cuisine de vos r\u00eaves en fonction de vos attentes, de vos besoins et de vos envies pour faire de votre projet, notre projet.\u00a0<\/span><\/div>\n<div><span style=\"font-family: Verdana;\">Apr\u00e8s avoir vu avec vous quels sont vos projets et pris les diff\u00e9rentes mesures, Salvatore organisera avec vous un rendez-vous avec notre cuisiniste afin de r\u00e9aliser les plans de votre projet de r\u00e9novation.\u00a0<\/span><\/div>\n<div><span style=\"font-family: Verdana;\">\u00a0<\/span><\/div>\n<div><span style=\"font-family: Verdana;\">Les placards et meubles sur mesure sont toujours r\u00e9alisables, n\u2019h\u00e9sitez pas \u00e0 poser vos questions \u00e0 Salvatore qui se fera un plaisir de vous conseiller et de vous aider.\u00a0<\/span><\/div>\n<div><span style=\"font-family: Verdana;\">Nous travaillons \u00e9galement avec une architecte d\u2019int\u00e9rieur qui vous proposera un \u00e9clairage tendance et \u00e0 votre image si vous le souhaitez.\u00a0<\/span><\/div>\n<div><span style=\"font-family: Verdana;\">\u00a0<\/span><\/div>\n<div><span style=\"font-family: Verdana;\">Besoin d\u2019un nouvel escalier ? Nous pouvons vous offrir nos services pour un nouvel escalier \u00e9galement. Salvatore pourra vous conseiller en fonction de vos besoins pour savoir quel type d\u2019escalier installer ou choisir.\u00a0<\/span><\/div>\n<div><span style=\"font-family: Verdana;\">\u00a0<\/span><\/div>\n<p><strong><span style=\"font-family: Verdana;\">Il est \u00e9vident que votre projet de r\u00e9novation sera l\u2019objectif de notre collaboration.\u00a0<\/span><\/strong><\/div><\/div><\/div>\n<div class=\"push \" style=\"height:30px\"><\/div>\n<div class=\"push \" style=\"height:30px\"><\/div>\n<div class=\"limit-wrapper\"><div class=\"row \"><div class=\"wpv-grid grid-1-1  wpv-first-level first unextended has-extended-padding\" style=\"padding-top:0.05px;padding-bottom:0.05px;\" id=\"wpv-column-c6f0cef9c65884d155396238ac2adf93\" ><div class=\"row \"><div class=\"wpv-grid grid-1-5  first unextended has-extended-padding\" style=\"padding-top:0.05px;padding-bottom:0.05px;\" id=\"wpv-column-f1848ff75dcdf2ce4706bec3e6c4826c\" ><\/div>\n<div class=\"wpv-grid grid-3-5  unextended has-extended-padding\" style=\"padding-top:0.05px;padding-bottom:0.05px;\" id=\"wpv-column-500631034af515169e053de29701be9f\" ><div class=\"row \"><div class=\"wpv-grid grid-1-1  first unextended no-extended-padding\" style=\"padding-top:0.05px;padding-bottom:0.05px;\" id=\"wpv-column-286aadef0eb99f3e2d2a7d5ec2a31501\" >\n<div  data-href=\"http:\/\/www.scarfia.be\/index.php\/contact-us\" tabindex=\"1\" data-target=\"_self\" class=\"linkarea clearfix accent7  background-transparent\">\n\t\t\t\t<div class=\"last\"><table>\n<tbody>\n<tr>\n<td><div class=\"push \" style=\"height:10px\"><\/div> <span class='icon shortcode theme  use-hover' style='color:#364352;font-size:42px !important;'>&#57439;<\/span><\/td>\n<td>Vous voulez une offre de prix ?<\/p>\n<h3>DEMANDER UN DEVIS<\/h3>\n<\/td>\n<td>\n<p class=\"p1\"><span class=\"s1\"><div class=\"push \" style=\"height:20px\"><\/div> <p class=\"textcenter\"><a href=\"#\" target=\"_self\" style='font-size: 14px;' class=\"vamtam-button accent1  button-border hover-accent1 \"><span class=\"btext\" data-text=\"CONTACTEZ NOUS\">CONTACTEZ NOUS<\/span><\/a><\/p><\/span><\/p>\n<\/td>\n<\/tr>\n<\/tbody>\n<\/table><\/div>\n\t<\/div><\/div><\/div><\/div>\n<div class=\"wpv-grid grid-1-5  unextended has-extended-padding\" style=\"padding-top:0.05px;padding-bottom:0.05px;\" id=\"wpv-column-53a0791d06c4f82c91e547624d436d8b\" ><\/div><\/div><\/div><\/div><\/div>\n","protected":false},"excerpt":{"rendered":"<p>Une nouvelle cuisine ? Notre cuisiniste vous proposera la cuisine de vos r\u00eaves en fonction de vos attentes, de vos besoins et de vos envies pour faire de votre projet, notre projet.\u00a0 Apr\u00e8s avoir vu avec vous quels sont vos projets et pris les diff\u00e9rentes mesures, Salvatore organisera avec vous un rendez-vous avec notre cuisiniste&#8230;<\/p>\n","protected":false},"author":1,"featured_media":0,"parent":0,"menu_order":0,"comment_status":"closed","ping_status":"closed","template":"","meta":{"footnotes":""},"class_list":["post-10424","page","type-page","status-publish","hentry"],"_links":{"self":[{"href":"https:\/\/www.scarfia.be\/index.php\/wp-json\/wp\/v2\/pages\/10424","targetHints":{"allow":["GET"]}}],"collection":[{"href":"https:\/\/www.scarfia.be\/index.php\/wp-json\/wp\/v2\/pages"}],"about":[{"href":"https:\/\/www.scarfia.be\/index.php\/wp-json\/wp\/v2\/types\/page"}],"author":[{"embeddable":true,"href":"https:\/\/www.scarfia.be\/index.php\/wp-json\/wp\/v2\/users\/1"}],"replies":[{"embeddable":true,"href":"https:\/\/www.scarfia.be\/index.php\/wp-json\/wp\/v2\/comments?post=10424"}],"version-history":[{"count":0,"href":"https:\/\/www.scarfia.be\/index.php\/wp-json\/wp\/v2\/pages\/10424\/revisions"}],"wp:attachment":[{"href":"https:\/\/www.scarfia.be\/index.php\/wp-json\/wp\/v2\/media?parent=10424"}],"curies":[{"name":"wp","href":"https:\/\/api.w.org\/{rel}","templated":true}]}}