{"id":10422,"date":"2017-11-02T12:30:55","date_gmt":"2017-11-02T11:30:55","guid":{"rendered":"http:\/\/www.scarfia.be\/?page_id=10422"},"modified":"2017-11-03T19:18:52","modified_gmt":"2017-11-03T18:18:52","slug":"electricite","status":"publish","type":"page","link":"https:\/\/www.scarfia.be\/index.php\/electricite\/","title":{"rendered":"ELECTRICIT\u00c9"},"content":{"rendered":"<div class=\"limit-wrapper\"><div class=\"row \"><div class=\"wpv-grid grid-1-1  wpv-first-level first unextended no-extended-padding\" style=\"padding-top:0.05px;padding-bottom:0.05px;\" id=\"wpv-column-34cfc4c238d9395a52e7f57dc21c0e31\" ><div style=\"text-align: center;\"><b class=\"\"><span style=\"font-family: Verdana;\"> <span class='icon shortcode theme  use-hover' style='color:green;font-size:56px !important;'>&#58910;<\/span> <\/span><\/b><\/div><\/div><\/div><\/div>\n<div class=\"push \" style=\"height:30px\"><\/div>\n<div class=\"limit-wrapper\"><div class=\"row \"><div class=\"wpv-grid grid-1-1  wpv-first-level first unextended no-extended-padding\" style=\"padding-top:0.05px;padding-bottom:0.05px;\" id=\"wpv-column-54326a939ec2427097fced68262a4d88\" ><div><span style=\"font-family: Verdana;\">Pour les d\u00e9pannages, les nouvelles installations (d\u00e9montage des anciennes installations et pose de neuf), les \u00e9clairages ou les mises en conformit\u00e9 \u00e9lectrique n\u2019h\u00e9sitez pas \u00e0 faire appel aux Entreprises Scarfia. D\u00e8s que vous aurez eu contact avec Salvatore, il vous proposera volontiers son aide pour trouver un projet avec vous.\u00a0<\/span><\/div>\n<div><span style=\"font-family: Verdana;\">\u00a0<\/span><\/div>\n<div><b class=\"\"><span style=\"font-family: Verdana;\">Votre projet sera l\u2019objectif de notre collaboration.<\/span><\/b><\/div><\/div><\/div><\/div>\n<div class=\"push \" style=\"height:30px\"><\/div>\n<div class=\"push \" style=\"height:30px\"><\/div>\n<div class=\"limit-wrapper\"><div class=\"row \"><div class=\"wpv-grid grid-1-1  wpv-first-level first unextended has-extended-padding\" style=\"padding-top:0.05px;padding-bottom:0.05px;\" id=\"wpv-column-26b4221a1927a6c470895a23ece3a72f\" ><div class=\"row \"><div class=\"wpv-grid grid-1-5  first unextended has-extended-padding\" style=\"padding-top:0.05px;padding-bottom:0.05px;\" id=\"wpv-column-26c9d5392c35a0e3301ba67c1b14334f\" ><\/div>\n<div class=\"wpv-grid grid-3-5  unextended has-extended-padding\" style=\"padding-top:0.05px;padding-bottom:0.05px;\" id=\"wpv-column-d385bc4a8730ea2c32967e1de3e0a29c\" ><div class=\"row \"><div class=\"wpv-grid grid-1-1  first unextended no-extended-padding\" style=\"padding-top:0.05px;padding-bottom:0.05px;\" id=\"wpv-column-ffee581f8dfcddf304e83f986c24b4d2\" >\n<div  data-href=\"http:\/\/www.scarfia.be\/index.php\/contact-us\" tabindex=\"1\" data-target=\"_self\" class=\"linkarea clearfix accent7  background-transparent\">\n\t\t\t\t<div class=\"last\"><table>\n<tbody>\n<tr>\n<td><div class=\"push \" style=\"height:10px\"><\/div> <span class='icon shortcode theme  use-hover' style='color:#364352;font-size:42px !important;'>&#57439;<\/span><\/td>\n<td>Vous voulez une offre de prix ?<\/p>\n<h3>DEMANDER UN DEVIS<\/h3>\n<\/td>\n<td>\n<p class=\"p1\"><span class=\"s1\"><div class=\"push \" style=\"height:20px\"><\/div> <p class=\"textcenter\"><a href=\"#\" target=\"_self\" style='font-size: 14px;' class=\"vamtam-button accent1  button-border hover-accent1 \"><span class=\"btext\" data-text=\"CONTACTEZ NOUS\">CONTACTEZ NOUS<\/span><\/a><\/p><\/span><\/p>\n<\/td>\n<\/tr>\n<\/tbody>\n<\/table><\/div>\n\t<\/div><\/div><\/div><\/div>\n<div class=\"wpv-grid grid-1-5  unextended has-extended-padding\" style=\"padding-top:0.05px;padding-bottom:0.05px;\" id=\"wpv-column-46b05a96226174ea69c53f2171d89a7c\" ><\/div><\/div><\/div><\/div><\/div>\n<div class=\"push \" style=\"height:30px\"><\/div>\n","protected":false},"excerpt":{"rendered":"<p>Pour les d\u00e9pannages, les nouvelles installations (d\u00e9montage des anciennes installations et pose de neuf), les \u00e9clairages ou les mises en conformit\u00e9 \u00e9lectrique n\u2019h\u00e9sitez pas \u00e0 faire appel aux Entreprises Scarfia. D\u00e8s que vous aurez eu contact avec Salvatore, il vous proposera volontiers son aide pour trouver un projet avec vous.\u00a0 \u00a0 Votre projet sera l\u2019objectif&#8230;<\/p>\n","protected":false},"author":1,"featured_media":0,"parent":0,"menu_order":0,"comment_status":"closed","ping_status":"closed","template":"","meta":{"footnotes":""},"class_list":["post-10422","page","type-page","status-publish","hentry"],"_links":{"self":[{"href":"https:\/\/www.scarfia.be\/index.php\/wp-json\/wp\/v2\/pages\/10422","targetHints":{"allow":["GET"]}}],"collection":[{"href":"https:\/\/www.scarfia.be\/index.php\/wp-json\/wp\/v2\/pages"}],"about":[{"href":"https:\/\/www.scarfia.be\/index.php\/wp-json\/wp\/v2\/types\/page"}],"author":[{"embeddable":true,"href":"https:\/\/www.scarfia.be\/index.php\/wp-json\/wp\/v2\/users\/1"}],"replies":[{"embeddable":true,"href":"https:\/\/www.scarfia.be\/index.php\/wp-json\/wp\/v2\/comments?post=10422"}],"version-history":[{"count":0,"href":"https:\/\/www.scarfia.be\/index.php\/wp-json\/wp\/v2\/pages\/10422\/revisions"}],"wp:attachment":[{"href":"https:\/\/www.scarfia.be\/index.php\/wp-json\/wp\/v2\/media?parent=10422"}],"curies":[{"name":"wp","href":"https:\/\/api.w.org\/{rel}","templated":true}]}}