{"id":10420,"date":"2017-11-02T12:30:48","date_gmt":"2017-11-02T11:30:48","guid":{"rendered":"http:\/\/www.scarfia.be\/?page_id=10420"},"modified":"2017-11-03T19:18:48","modified_gmt":"2017-11-03T18:18:48","slug":"carrelages","status":"publish","type":"page","link":"https:\/\/www.scarfia.be\/index.php\/carrelages\/","title":{"rendered":"CARRELAGES ET PIERRES NATURELLES"},"content":{"rendered":"<div class=\"limit-wrapper\"><div class=\"row \"><div class=\"wpv-grid grid-1-1  wpv-first-level first unextended no-extended-padding\" style=\"padding-top:0.05px;padding-bottom:0.05px;\" id=\"wpv-column-24d534578de27c881f82af46c16053cf\" ><div style=\"text-align: center;\"><b class=\"\"><span style=\"font-family: Verdana;\"> <span class='icon shortcode theme  use-hover' style='color:green;font-size:56px !important;'>&#58912;<\/span> <\/span><\/b><\/div><\/div><\/div><\/div>\n<div class=\"push \" style=\"height:30px\"><\/div>\n<div class=\"limit-wrapper\"><div class=\"row \"><div class=\"wpv-grid grid-1-1  wpv-first-level first unextended no-extended-padding\" style=\"padding-top:0.05px;padding-bottom:0.05px;\" id=\"wpv-column-c4b6657c64fca33b76ee8ff566fac3f6\" ><div><span style=\"font-family: Verdana;\">Salvatore ayant \u00e9t\u00e9 form\u00e9 \u00e0 16 ans sur des chantiers dans le carrelage, il s\u2019agit de la base de notre travail.\u00a0<\/span><\/div>\n<div><span style=\"font-family: Verdana;\">La pose de carrelages et des pierres naturelles est une des sp\u00e9cialit\u00e9s des Entreprises Scarfia.\u00a0<\/span><\/div>\n<div><span style=\"font-family: Verdana;\">Que vous ayez besoin d\u2019une nouvelle chape ou non, de pose int\u00e9rieure, ext\u00e9rieure, murale de carrelages\u2026 Tout est r\u00e9alisable!\u00a0<\/span><\/div>\n<div><span style=\"font-family: Verdana;\">Nous nous occupons \u00e9galement de la pose de plinthes pour votre projet de r\u00e9novation.\u00a0<\/span><\/div>\n<div><span style=\"font-family: Verdana;\">Toutes les dimensions de carrelages sont possibles (du 5&#215;5 au 120&#215;240) et toutes les surfaces \u00e9galement (escaliers, entrep\u00f4t, garage, salle de bains,\u2026).\u00a0<\/span><\/div>\n<div><span style=\"font-family: Verdana;\">Nous travaillons avec des partenaires proposant des produits de qualit\u00e9 et une \u00e9quipe professionnelle et exp\u00e9riment\u00e9e qui saura r\u00e9pondre \u00e0 vos envies et \u00e0 vos besoins.\u00a0<\/span><\/div>\n<div><span style=\"font-family: Verdana;\">\u00a0<\/span><\/div>\n<div><span style=\"font-family: Verdana;\">Evidemment, Salvatore s\u2019occupera du suivi de votre r\u00e9novation de A \u00e0 Z.\u00a0<\/span><\/div>\n<div><b class=\"\"><span style=\"font-family: Verdana;\">\u00a0<\/span><\/b><\/div>\n<div><b class=\"\"><span style=\"font-family: Verdana;\">Nous nous occupons de faire de votre projet l\u2019objectif de notre collaboration !<\/span><\/b><\/div><\/div><\/div><\/div>\n<div class=\"push \" style=\"height:30px\"><\/div>\n<div class=\"push \" style=\"height:30px\"><\/div>\n<div class=\"limit-wrapper\"><div class=\"row \"><div class=\"wpv-grid grid-1-1  wpv-first-level first unextended has-extended-padding\" style=\"padding-top:0.05px;padding-bottom:0.05px;\" id=\"wpv-column-fdc6ff199f377f089166d2c27fe99be4\" ><div class=\"row \"><div class=\"wpv-grid grid-1-5  first unextended has-extended-padding\" style=\"padding-top:0.05px;padding-bottom:0.05px;\" id=\"wpv-column-bdfb4e670562f8375d5ca4812f43abf6\" ><\/div>\n<div class=\"wpv-grid grid-3-5  unextended has-extended-padding\" style=\"padding-top:0.05px;padding-bottom:0.05px;\" id=\"wpv-column-98dbaa9e9080c1caa4d457cddd249d86\" ><div class=\"row \"><div class=\"wpv-grid grid-1-1  first unextended no-extended-padding\" style=\"padding-top:0.05px;padding-bottom:0.05px;\" id=\"wpv-column-2b7d2753582d34bf15c163e47c57a2d7\" >\n<div  data-href=\"http:\/\/www.scarfia.be\/index.php\/contact-us\" tabindex=\"1\" data-target=\"_self\" class=\"linkarea clearfix accent7  background-transparent\">\n\t\t\t\t<div class=\"last\"><table>\n<tbody>\n<tr>\n<td><div class=\"push \" style=\"height:10px\"><\/div> <span class='icon shortcode theme  use-hover' style='color:#364352;font-size:42px !important;'>&#57439;<\/span><\/td>\n<td>Vous voulez une offre de prix ?<\/p>\n<h3>DEMANDER UN DEVIS<\/h3>\n<\/td>\n<td>\n<p class=\"p1\"><span class=\"s1\"><div class=\"push \" style=\"height:20px\"><\/div> <p class=\"textcenter\"><a href=\"#\" target=\"_self\" style='font-size: 14px;' class=\"vamtam-button accent1  button-border hover-accent1 \"><span class=\"btext\" data-text=\"CONTACTEZ NOUS\">CONTACTEZ NOUS<\/span><\/a><\/p><\/span><\/p>\n<\/td>\n<\/tr>\n<\/tbody>\n<\/table><\/div>\n\t<\/div><\/div><\/div><\/div>\n<div class=\"wpv-grid grid-1-5  unextended has-extended-padding\" style=\"padding-top:0.05px;padding-bottom:0.05px;\" id=\"wpv-column-b93f053f68e4cc3a5f8b39109ac76ab1\" ><\/div><\/div><\/div><\/div><\/div>\n<div class=\"push \" style=\"height:30px\"><\/div>\n","protected":false},"excerpt":{"rendered":"<p>Salvatore ayant \u00e9t\u00e9 form\u00e9 \u00e0 16 ans sur des chantiers dans le carrelage, il s\u2019agit de la base de notre travail.\u00a0 La pose de carrelages et des pierres naturelles est une des sp\u00e9cialit\u00e9s des Entreprises Scarfia.\u00a0 Que vous ayez besoin d\u2019une nouvelle chape ou non, de pose int\u00e9rieure, ext\u00e9rieure, murale de carrelages\u2026 Tout est r\u00e9alisable!\u00a0&#8230;<\/p>\n","protected":false},"author":1,"featured_media":0,"parent":0,"menu_order":0,"comment_status":"closed","ping_status":"closed","template":"","meta":{"footnotes":""},"class_list":["post-10420","page","type-page","status-publish","hentry"],"_links":{"self":[{"href":"https:\/\/www.scarfia.be\/index.php\/wp-json\/wp\/v2\/pages\/10420","targetHints":{"allow":["GET"]}}],"collection":[{"href":"https:\/\/www.scarfia.be\/index.php\/wp-json\/wp\/v2\/pages"}],"about":[{"href":"https:\/\/www.scarfia.be\/index.php\/wp-json\/wp\/v2\/types\/page"}],"author":[{"embeddable":true,"href":"https:\/\/www.scarfia.be\/index.php\/wp-json\/wp\/v2\/users\/1"}],"replies":[{"embeddable":true,"href":"https:\/\/www.scarfia.be\/index.php\/wp-json\/wp\/v2\/comments?post=10420"}],"version-history":[{"count":0,"href":"https:\/\/www.scarfia.be\/index.php\/wp-json\/wp\/v2\/pages\/10420\/revisions"}],"wp:attachment":[{"href":"https:\/\/www.scarfia.be\/index.php\/wp-json\/wp\/v2\/media?parent=10420"}],"curies":[{"name":"wp","href":"https:\/\/api.w.org\/{rel}","templated":true}]}}